{"id":21,"date":"2019-06-13T18:27:34","date_gmt":"2019-06-13T16:27:34","guid":{"rendered":"http:\/\/www.calounictvi-hejny.cz\/?page_id=21"},"modified":"2019-06-20T18:04:02","modified_gmt":"2019-06-20T16:04:02","slug":"reference","status":"publish","type":"page","link":"https:\/\/www.calounictvi-hejny.cz\/en\/reference\/","title":{"rendered":"References"},"content":{"rendered":"<p><\/p>\n<h2>\u010cerven\u00e1 Lhota Castle<\/h2>\n<p><a href=\"https:\/\/www.calounictvi-hejny.cz\/wp-content\/uploads\/Repliky-historick\u00fdch-tapet-na-z\u00e1mku-\u010cerven\u00e1-lhota6.jpg\" rel=\"lightbox-0\"><img loading=\"lazy\" decoding=\"async\" class=\"alignnone size-thumbnail wp-image-215\" src=\"https:\/\/www.calounictvi-hejny.cz\/wp-content\/uploads\/Repliky-historick\u00fdch-tapet-na-z\u00e1mku-\u010cerven\u00e1-lhota6-200x200.jpg\" alt=\"\" width=\"200\" height=\"200\" \/><\/a><\/p>\n<h2>Slati\u0148any Castle<\/h2>\n<p><a href=\"https:\/\/www.calounictvi-hejny.cz\/wp-content\/uploads\/z\u00e1mek-slati\u0148any.jpeg\" rel=\"lightbox-1\"><img loading=\"lazy\" decoding=\"async\" class=\"alignnone size-thumbnail wp-image-216\" src=\"https:\/\/www.calounictvi-hejny.cz\/wp-content\/uploads\/z\u00e1mek-slati\u0148any-200x200.jpeg\" alt=\"\" width=\"200\" height=\"200\" \/><\/a><\/p>\n<h2>National Muzeum<\/h2>\n<p><a href=\"https:\/\/www.calounictvi-hejny.cz\/wp-content\/uploads\/l\u00e1tkov\u00e9-tapetyrekonstrukce-N\u00e1rodn\u00edho-muzea.jpg\" rel=\"lightbox-2\"><img loading=\"lazy\" decoding=\"async\" class=\"alignnone size-thumbnail wp-image-217\" src=\"https:\/\/www.calounictvi-hejny.cz\/wp-content\/uploads\/l\u00e1tkov\u00e9-tapetyrekonstrukce-N\u00e1rodn\u00edho-muzea-200x200.jpg\" alt=\"\" width=\"200\" height=\"200\" \/><\/a><\/p>\n<h2>Prague Castle<\/h2>\n<p><a href=\"https:\/\/www.calounictvi-hejny.cz\/wp-content\/uploads\/l\u00e1tkov\u00e9-tapety-Pra\u017esk\u00fd-hrad.jpg\" rel=\"lightbox-3\"><img loading=\"lazy\" decoding=\"async\" class=\"alignnone size-thumbnail wp-image-218\" src=\"https:\/\/www.calounictvi-hejny.cz\/wp-content\/uploads\/l\u00e1tkov\u00e9-tapety-Pra\u017esk\u00fd-hrad-200x200.jpg\" alt=\"\" width=\"200\" height=\"200\" \/><\/a><\/p>\n<h2>Charles University<\/h2>\n<p><a href=\"https:\/\/www.calounictvi-hejny.cz\/wp-content\/uploads\/Univerzita-Karlova-renovace-historick\u00fdch-ko\u017een\u00fdch-k\u0159esel\u017eidl\u00ed-a-lavic.jpg\" rel=\"lightbox-4\"><img loading=\"lazy\" decoding=\"async\" class=\"alignnone size-thumbnail wp-image-219\" src=\"https:\/\/www.calounictvi-hejny.cz\/wp-content\/uploads\/Univerzita-Karlova-renovace-historick\u00fdch-ko\u017een\u00fdch-k\u0159esel\u017eidl\u00ed-a-lavic-200x200.jpg\" alt=\"\" width=\"200\" height=\"200\" \/><\/a><\/p>\n<p>&nbsp;<\/p>\n<h3>Other institutions:<\/h3>\n<ul>\n<li>Mucha Antic<\/li>\n<li>University Hospital Vinohrady<\/li>\n<\/ul>\n<p><\/p>","protected":false},"excerpt":{"rendered":"<p>\u010cerven\u00e1 Lhota Castle Slati\u0148any Castle National Muzeum Prague Castle Charles University &nbsp; Other institutions: Mucha Antic University Hospital Vinohrady<\/p>\n","protected":false},"author":2,"featured_media":0,"parent":0,"menu_order":0,"comment_status":"closed","ping_status":"closed","template":"","meta":{"footnotes":""},"class_list":["post-21","page","type-page","status-publish","hentry"],"_links":{"self":[{"href":"https:\/\/www.calounictvi-hejny.cz\/en\/wp-json\/wp\/v2\/pages\/21","targetHints":{"allow":["GET"]}}],"collection":[{"href":"https:\/\/www.calounictvi-hejny.cz\/en\/wp-json\/wp\/v2\/pages"}],"about":[{"href":"https:\/\/www.calounictvi-hejny.cz\/en\/wp-json\/wp\/v2\/types\/page"}],"author":[{"embeddable":true,"href":"https:\/\/www.calounictvi-hejny.cz\/en\/wp-json\/wp\/v2\/users\/2"}],"replies":[{"embeddable":true,"href":"https:\/\/www.calounictvi-hejny.cz\/en\/wp-json\/wp\/v2\/comments?post=21"}],"version-history":[{"count":3,"href":"https:\/\/www.calounictvi-hejny.cz\/en\/wp-json\/wp\/v2\/pages\/21\/revisions"}],"predecessor-version":[{"id":220,"href":"https:\/\/www.calounictvi-hejny.cz\/en\/wp-json\/wp\/v2\/pages\/21\/revisions\/220"}],"wp:attachment":[{"href":"https:\/\/www.calounictvi-hejny.cz\/en\/wp-json\/wp\/v2\/media?parent=21"}],"curies":[{"name":"wp","href":"https:\/\/api.w.org\/{rel}","templated":true}]}}